{"id":1823,"date":"2025-12-06T19:22:28","date_gmt":"2025-12-06T18:22:28","guid":{"rendered":"https:\/\/luzfernandez.com\/historias\/"},"modified":"2026-02-03T16:28:18","modified_gmt":"2026-02-03T15:28:18","slug":"stories","status":"publish","type":"page","link":"https:\/\/luzfernandez.com\/en\/stories\/","title":{"rendered":"Stories"},"content":{"rendered":"<div class=\"et_pb_section_0 et_pb_section et_section_regular et_flex_section\">\n<div class=\"et_pb_row_0 et_pb_row et_flex_row preset--module--divi-row--962x4n8uf2\">\n<div class=\"et_pb_column_0 et_pb_column et-last-child et_flex_column et_pb_css_mix_blend_mode_passthrough et_flex_column_24_24 et_flex_column_24_24_tablet et_flex_column_24_24_phone et_flex_column_24_24_ultraWide preset--module--divi-column--default\">\n<div class=\"et_pb_post_title_0 et_pb_post_title et_pb_bg_layout_dark et_pb_module et_flex_module\"><div class=\"et_pb_title_container\"><h1 class=\"entry-title\">Stories<\/h1><\/div><\/div>\n\n<div class=\"et_pb_text_0 et_pb_text et_pb_bg_layout_dark et_pb_module et_flex_module preset--module--divi-text--default\"><div class=\"et_pb_text_inner\"><p>News, interesting facts, and stories<\/p>\n<\/div><\/div>\n<\/div>\n<\/div>\n<\/div>\n\n<div class=\"et_pb_section_1 et_pb_section et_section_regular et_flex_section\" id=\"inicio\">\n<div class=\"et_pb_row_1 et_pb_row et_flex_row preset--module--divi-row--962x4n8uf2\">\n<div class=\"et_pb_column_1 et_pb_column et-last-child et_grid_column et_pb_css_mix_blend_mode_passthrough et_flex_column_24_24 et_flex_column_24_24_tablet et_flex_column_24_24_phone et_flex_column_24_24_ultraWide preset--module--divi-column--default\"><div data-loop-id=\"loop-cygawkdgze\" data-loop-index=\"0\" data-post-id=\"2031\" data-term-id=\"0\" data-user-id=\"0\" class=\"et_pb_group_0 et_pb_group et_pb_module et_flex_group et_pb_css_mix_blend_mode_passthrough blogpost\" data-loop-item=\"0\">\n<div class=\"et_pb_image_0 et_pb_image et_pb_has_overlay et_pb_module et_flex_module img-post\"><a href=\"https:\/\/luzfernandez.com\/en\/stories\/la-falta-de-relevo-generacional-una-oportunidad-de-inversion\/\"><span class=\"et_pb_image_wrap\"><img loading=\"lazy\" decoding=\"async\" src=\"https:\/\/luzfernandez.com\/wp-content\/uploads\/2026\/04\/curated-lifestyle-kDzjbTgS9uc-unsplash-1.jpg\" alt=\"relevo generacional empresa familiar venta inversi\u00f3n empresas operativas\" width=\"1920\" height=\"1280\" srcset=\"https:\/\/luzfernandez.com\/wp-content\/uploads\/2026\/04\/curated-lifestyle-kDzjbTgS9uc-unsplash-1.jpg 1920w, https:\/\/luzfernandez.com\/wp-content\/uploads\/2026\/04\/curated-lifestyle-kDzjbTgS9uc-unsplash-1-1280x853.jpg 1280w, https:\/\/luzfernandez.com\/wp-content\/uploads\/2026\/04\/curated-lifestyle-kDzjbTgS9uc-unsplash-1-980x653.jpg 980w, https:\/\/luzfernandez.com\/wp-content\/uploads\/2026\/04\/curated-lifestyle-kDzjbTgS9uc-unsplash-1-480x320.jpg 480w\" sizes=\"(min-width: 0px) and (max-width: 480px) 480px, (min-width: 481px) and (max-width: 980px) 980px, (min-width: 981px) and (max-width: 1280px) 1280px, (min-width: 1281px) 1920px, 100vw\" class=\"wp-image-2029\" \/><span class=\"et_overlay\"><\/span><\/span><\/a><\/div>\n\n<div class=\"et_pb_text_1 et_pb_text et_pb_bg_layout_light et_pb_module et_flex_module preset--module--divi-text--default\"><div class=\"et_pb_text_inner\"><h3>La falta de relevo generacional: una oportunidad de inversio\u0301n<\/h3>\n<\/div><\/div>\n\n<div class=\"et_pb_module et_pb_button_module_wrapper et_pb_button_0_wrapper preset--module--divi-button--default_wrapper\"><a class=\"et_pb_button_0 et_pb_button et_pb_bg_layout_light et_pb_module et_block_module botonLinea preset--module--divi-button--default\" href=\"https:\/\/luzfernandez.com\/en\/stories\/la-falta-de-relevo-generacional-una-oportunidad-de-inversion\/\">Leer m\u00e1s<\/a><\/div>\n<\/div><div data-loop-id=\"loop-cygawkdgze\" data-loop-index=\"1\" data-post-id=\"2024\" data-term-id=\"0\" data-user-id=\"0\" class=\"et_pb_group_1 et_pb_group et_pb_module et_flex_group et_pb_css_mix_blend_mode_passthrough blogpost\" data-loop-item=\"1\">\n<div class=\"et_pb_image_1 et_pb_image et_pb_has_overlay et_pb_module et_flex_module img-post\"><a href=\"https:\/\/luzfernandez.com\/en\/stories\/galicia-se-consolida-como-destino-de-expansion-para-empresas-con-vision\/\"><span class=\"et_pb_image_wrap\"><img loading=\"lazy\" decoding=\"async\" src=\"https:\/\/luzfernandez.com\/wp-content\/uploads\/2026\/04\/1775732595007.jpg\" alt=\"Galicia se consolida como destino de expansio\u0301n para empresas con visio\u0301n\" width=\"1524\" height=\"848\" srcset=\"https:\/\/luzfernandez.com\/wp-content\/uploads\/2026\/04\/1775732595007.jpg 1524w, https:\/\/luzfernandez.com\/wp-content\/uploads\/2026\/04\/1775732595007-1280x712.jpg 1280w, https:\/\/luzfernandez.com\/wp-content\/uploads\/2026\/04\/1775732595007-980x545.jpg 980w, https:\/\/luzfernandez.com\/wp-content\/uploads\/2026\/04\/1775732595007-480x267.jpg 480w\" sizes=\"(min-width: 0px) and (max-width: 480px) 480px, (min-width: 481px) and (max-width: 980px) 980px, (min-width: 981px) and (max-width: 1280px) 1280px, (min-width: 1281px) 1524px, 100vw\" class=\"wp-image-2022\" \/><span class=\"et_overlay\"><\/span><\/span><\/a><\/div>\n\n<div class=\"et_pb_text_2 et_pb_text et_pb_bg_layout_light et_pb_module et_flex_module preset--module--divi-text--default\"><div class=\"et_pb_text_inner\"><h3>Galicia se consolida como destino de expansio\u0301n para empresas con visio\u0301n<\/h3>\n<\/div><\/div>\n\n<div class=\"et_pb_module et_pb_button_module_wrapper et_pb_button_1_wrapper preset--module--divi-button--default_wrapper\"><a class=\"et_pb_button_1 et_pb_button et_pb_bg_layout_light et_pb_module et_block_module botonLinea preset--module--divi-button--default\" href=\"https:\/\/luzfernandez.com\/en\/stories\/galicia-se-consolida-como-destino-de-expansion-para-empresas-con-vision\/\">Leer m\u00e1s<\/a><\/div>\n<\/div><div data-loop-id=\"loop-cygawkdgze\" data-loop-index=\"2\" data-post-id=\"1965\" data-term-id=\"0\" data-user-id=\"0\" class=\"et_pb_group_2 et_pb_group et_pb_module et_flex_group et_pb_css_mix_blend_mode_passthrough blogpost\" data-loop-item=\"2\">\n<div class=\"et_pb_image_2 et_pb_image et_pb_has_overlay et_pb_module et_flex_module img-post\"><a href=\"https:\/\/luzfernandez.com\/en\/stories\/tengo-la-clave-para-vender-tu-casa-de-la-playa\/\"><span class=\"et_pb_image_wrap\"><img loading=\"lazy\" decoding=\"async\" src=\"https:\/\/luzfernandez.com\/wp-content\/uploads\/2026\/02\/1770110846223.jpg\" title=\"1770110846223\" width=\"800\" height=\"496\" srcset=\"https:\/\/luzfernandez.com\/wp-content\/uploads\/2026\/02\/1770110846223.jpg 800w, https:\/\/luzfernandez.com\/wp-content\/uploads\/2026\/02\/1770110846223-480x298.jpg 480w\" sizes=\"(min-width: 0px) and (max-width: 480px) 480px, (min-width: 481px) 800px, 100vw\" class=\"wp-image-1963\" \/><span class=\"et_overlay\"><\/span><\/span><\/a><\/div>\n\n<div class=\"et_pb_text_3 et_pb_text et_pb_bg_layout_light et_pb_module et_flex_module preset--module--divi-text--default\"><div class=\"et_pb_text_inner\"><h3>Tengo la clave para vender tu casa de la playa<\/h3>\n<\/div><\/div>\n\n<div class=\"et_pb_module et_pb_button_module_wrapper et_pb_button_2_wrapper preset--module--divi-button--default_wrapper\"><a class=\"et_pb_button_2 et_pb_button et_pb_bg_layout_light et_pb_module et_block_module botonLinea preset--module--divi-button--default\" href=\"https:\/\/luzfernandez.com\/en\/stories\/tengo-la-clave-para-vender-tu-casa-de-la-playa\/\">Leer m\u00e1s<\/a><\/div>\n<\/div><div data-loop-id=\"loop-cygawkdgze\" data-loop-index=\"3\" data-post-id=\"1883\" data-term-id=\"0\" data-user-id=\"0\" class=\"et_pb_group_3 et_pb_group et_pb_module et_flex_group et_pb_css_mix_blend_mode_passthrough blogpost\" data-loop-item=\"3\">\n<div class=\"et_pb_image_3 et_pb_image et_pb_has_overlay et_pb_module et_flex_module img-post\"><a href=\"https:\/\/luzfernandez.com\/en\/stories\/adios-marbella-hola-galicia-los-ricos-extranjeros-estan-empezando-a-comprar-propiedades-de-lujo-en-el-norte-de-espana\/\"><span class=\"et_pb_image_wrap\"><img loading=\"lazy\" decoding=\"async\" src=\"https:\/\/luzfernandez.com\/wp-content\/uploads\/2025\/12\/840_560.jpg\" title=\"Casa Norte Espana\" width=\"840\" height=\"560\" srcset=\"https:\/\/luzfernandez.com\/wp-content\/uploads\/2025\/12\/840_560.jpg 840w, https:\/\/luzfernandez.com\/wp-content\/uploads\/2025\/12\/840_560-480x320.jpg 480w\" sizes=\"(min-width: 0px) and (max-width: 480px) 480px, (min-width: 481px) 840px, 100vw\" class=\"wp-image-1396\" \/><span class=\"et_overlay\"><\/span><\/span><\/a><\/div>\n\n<div class=\"et_pb_text_4 et_pb_text et_pb_bg_layout_light et_pb_module et_flex_module preset--module--divi-text--default\"><div class=\"et_pb_text_inner\"><h3>Adi\u00f3s Marbella, hola Galicia: los ricos extranjeros est\u00e1n empezando a comprar propiedades de lujo en el norte de Espa\u00f1a<\/h3>\n<\/div><\/div>\n\n<div class=\"et_pb_module et_pb_button_module_wrapper et_pb_button_3_wrapper preset--module--divi-button--default_wrapper\"><a class=\"et_pb_button_3 et_pb_button et_pb_bg_layout_light et_pb_module et_block_module botonLinea preset--module--divi-button--default\" href=\"https:\/\/luzfernandez.com\/en\/stories\/adios-marbella-hola-galicia-los-ricos-extranjeros-estan-empezando-a-comprar-propiedades-de-lujo-en-el-norte-de-espana\/\">Leer m\u00e1s<\/a><\/div>\n<\/div><div data-loop-id=\"loop-cygawkdgze\" data-loop-index=\"4\" data-post-id=\"1980\" data-term-id=\"0\" data-user-id=\"0\" class=\"et_pb_group_4 et_pb_group et-last-child et_pb_module et_flex_group et_pb_css_mix_blend_mode_passthrough blogpost\" data-loop-item=\"4\">\n<div class=\"et_pb_image_4 et_pb_image et_pb_has_overlay et_pb_module et_flex_module img-post\"><a href=\"https:\/\/luzfernandez.com\/en\/stories\/galicia-se-consolida-como-nuevo-destino-de-lujo-en-espana\/\"><span class=\"et_pb_image_wrap\"><img loading=\"lazy\" decoding=\"async\" src=\"https:\/\/luzfernandez.com\/wp-content\/uploads\/2026\/02\/1760714476967.jpg\" alt=\"Galicia se consolida como nuevo destino de lujo en Espan\u0303a\" width=\"1024\" height=\"1024\" srcset=\"https:\/\/luzfernandez.com\/wp-content\/uploads\/2026\/02\/1760714476967.jpg 1024w, https:\/\/luzfernandez.com\/wp-content\/uploads\/2026\/02\/1760714476967-980x980.jpg 980w, https:\/\/luzfernandez.com\/wp-content\/uploads\/2026\/02\/1760714476967-480x480.jpg 480w\" sizes=\"(min-width: 0px) and (max-width: 480px) 480px, (min-width: 481px) and (max-width: 980px) 980px, (min-width: 981px) 1024px, 100vw\" class=\"wp-image-1978\" \/><span class=\"et_overlay\"><\/span><\/span><\/a><\/div>\n\n<div class=\"et_pb_text_5 et_pb_text et_pb_bg_layout_light et_pb_module et_flex_module preset--module--divi-text--default\"><div class=\"et_pb_text_inner\"><h3>Galicia establishes itself as a new luxury destination in Spain<\/h3>\n<\/div><\/div>\n\n<div class=\"et_pb_module et_pb_button_module_wrapper et_pb_button_4_wrapper preset--module--divi-button--default_wrapper\"><a class=\"et_pb_button_4 et_pb_button et_pb_bg_layout_light et_pb_module et_block_module botonLinea preset--module--divi-button--default\" href=\"https:\/\/luzfernandez.com\/en\/stories\/galicia-se-consolida-como-nuevo-destino-de-lujo-en-espana\/\">Leer m\u00e1s<\/a><\/div>\n<\/div><\/div>\n<\/div>\n\n<div class=\"et_pb_row_2 et_pb_row et_flex_row preset--module--divi-row--962x4n8uf2\">\n<div class=\"et_pb_column_2 et_pb_column et-last-child et_flex_column et_pb_css_mix_blend_mode_passthrough et_flex_column_24_24 et_flex_column_24_24_tablet et_flex_column_24_24_phone et_flex_column_24_24_ultraWide preset--module--divi-column--default\">\n<div class=\"et_pb_post_nav_0 et_pb_posts_nav nav-single et_pb_module et_flex_module\"><\/div>\n<\/div>\n<\/div>\n<\/div>\n\n<div class=\"et_pb_section_2 et_pb_section et_section_regular et_block_section preset--module--divi-section--wvefy0wigi\">\n<div class=\"et_pb_row_3 et_pb_row et_flex_row preset--module--divi-row--962x4n8uf2\">\n<div class=\"et_pb_column_3 et_pb_column et_flex_column et_pb_css_mix_blend_mode_passthrough et_flex_column_12_24 et_flex_column_12_24_tablet et_flex_column_24_24_phone et_flex_column_12_24_ultraWide preset--module--divi-column--default\">\n<div class=\"et_pb_module et_pb_button_module_wrapper et_pb_button_5_wrapper preset--module--divi-button--default_wrapper\"><a class=\"et_pb_button_5 et_pb_button et_pb_bg_layout_light et_pb_module et_block_module botonLinea preset--module--divi-button--default\" href=\"\">@luzfernandez_realestate<\/a><\/div>\n<\/div>\n\n<div class=\"et_pb_column_4 et_pb_column et-last-child et_flex_column et_pb_css_mix_blend_mode_passthrough et_flex_column_12_24 et_flex_column_12_24_tablet et_flex_column_24_24_phone et_flex_column_12_24_ultraWide preset--module--divi-column--default\">\n<div class=\"et_pb_code_0 et_pb_code et_pb_module\"><div class=\"et_pb_code_inner\">        <div\n            class=\"spotlight-instagram-feed\"\n            data-feed-var=\"fe35cebe\"\n            data-analytics=\"0\"\n            data-instance=\"1823\"\n        >\n        <\/div>\n        <input type=\"hidden\" id=\"sli__f__fe35cebe\" data-json='{&quot;useCase&quot;:&quot;accounts&quot;,&quot;template&quot;:&quot;gallery&quot;,&quot;layout&quot;:&quot;grid&quot;,&quot;numColumns&quot;:{&quot;desktop&quot;:3,&quot;tablet&quot;:3,&quot;phone&quot;:3},&quot;highlightFreq&quot;:{&quot;desktop&quot;:7},&quot;sliderNumScrollPosts&quot;:{&quot;desktop&quot;:1},&quot;sliderInfinite&quot;:true,&quot;sliderLoop&quot;:false,&quot;sliderArrowPos&quot;:{&quot;desktop&quot;:&quot;inside&quot;},&quot;sliderArrowSize&quot;:{&quot;desktop&quot;:20},&quot;sliderArrowColor&quot;:{&quot;r&quot;:255,&quot;b&quot;:255,&quot;g&quot;:255,&quot;a&quot;:1},&quot;sliderArrowBgColor&quot;:{&quot;r&quot;:0,&quot;b&quot;:0,&quot;g&quot;:0,&quot;a&quot;:0.80000000000000004},&quot;sliderAutoScroll&quot;:false,&quot;sliderAutoInterval&quot;:3,&quot;postOrder&quot;:&quot;date_desc&quot;,&quot;numPosts&quot;:{&quot;desktop&quot;:9,&quot;tablet&quot;:9,&quot;phone&quot;:6},&quot;linkBehavior&quot;:{&quot;desktop&quot;:&quot;lightbox&quot;},&quot;feedWidth&quot;:{&quot;desktop&quot;:&quot;&quot;},&quot;feedHeight&quot;:{&quot;desktop&quot;:&quot;&quot;},&quot;feedPadding&quot;:{&quot;desktop&quot;:0,&quot;tablet&quot;:0,&quot;phone&quot;:0},&quot;imgPadding&quot;:{&quot;desktop&quot;:8,&quot;tablet&quot;:8,&quot;phone&quot;:8},&quot;textSize&quot;:{&quot;desktop&quot;:14,&quot;tablet&quot;:&quot;&quot;,&quot;phone&quot;:&quot;&quot;},&quot;bgColor&quot;:{&quot;r&quot;:255,&quot;g&quot;:255,&quot;b&quot;:255,&quot;a&quot;:0},&quot;hoverInfo&quot;:[&quot;insta_link&quot;],&quot;textColorHover&quot;:{&quot;r&quot;:255,&quot;g&quot;:255,&quot;b&quot;:255,&quot;a&quot;:1},&quot;bgColorHover&quot;:{&quot;r&quot;:0,&quot;g&quot;:0,&quot;b&quot;:0,&quot;a&quot;:0.5},&quot;showHeader&quot;:{&quot;desktop&quot;:false},&quot;headerInfo&quot;:{&quot;desktop&quot;:[&quot;profile_pic&quot;,&quot;bio&quot;]},&quot;headerAccount&quot;:5,&quot;headerStyle&quot;:{&quot;desktop&quot;:&quot;normal&quot;,&quot;phone&quot;:&quot;centered&quot;},&quot;headerTextSize&quot;:{&quot;desktop&quot;:&quot;&quot;},&quot;headerPhotoSize&quot;:{&quot;desktop&quot;:50},&quot;headerTextColor&quot;:{&quot;r&quot;:0,&quot;g&quot;:0,&quot;b&quot;:0,&quot;a&quot;:1},&quot;headerBgColor&quot;:{&quot;r&quot;:255,&quot;g&quot;:255,&quot;b&quot;:255,&quot;a&quot;:1},&quot;headerPadding&quot;:{&quot;desktop&quot;:0},&quot;customProfilePic&quot;:0,&quot;customBioText&quot;:&quot;&quot;,&quot;includeStories&quot;:false,&quot;storiesInterval&quot;:5,&quot;showCaptions&quot;:{&quot;desktop&quot;:false},&quot;captionMaxLength&quot;:{&quot;desktop&quot;:0},&quot;captionRemoveDots&quot;:false,&quot;captionSize&quot;:{&quot;desktop&quot;:0},&quot;captionColor&quot;:{&quot;r&quot;:0,&quot;g&quot;:0,&quot;b&quot;:0,&quot;a&quot;:1},&quot;showLikes&quot;:{&quot;desktop&quot;:false},&quot;showComments&quot;:{&quot;desktop&quot;:false},&quot;lcIconSize&quot;:{&quot;desktop&quot;:14},&quot;likesIconColor&quot;:{&quot;r&quot;:0,&quot;g&quot;:0,&quot;b&quot;:0,&quot;a&quot;:1},&quot;commentsIconColor&quot;:{&quot;r&quot;:0,&quot;g&quot;:0,&quot;b&quot;:0,&quot;a&quot;:1},&quot;lightboxShowSidebar&quot;:false,&quot;lightboxCtaStyle&quot;:&quot;link&quot;,&quot;lightboxCtaDesign&quot;:{&quot;text&quot;:{&quot;color&quot;:{&quot;r&quot;:0,&quot;g&quot;:0,&quot;b&quot;:0,&quot;a&quot;:1},&quot;align&quot;:&quot;center&quot;},&quot;bgColor&quot;:{&quot;r&quot;:230,&quot;g&quot;:230,&quot;b&quot;:230,&quot;a&quot;:1},&quot;border&quot;:{&quot;radius&quot;:3}},&quot;numLightboxComments&quot;:50,&quot;showLoadMoreBtn&quot;:{&quot;desktop&quot;:false},&quot;loadMoreBtnDesign&quot;:{&quot;text&quot;:{&quot;color&quot;:{&quot;r&quot;:255,&quot;g&quot;:255,&quot;b&quot;:255,&quot;a&quot;:1},&quot;align&quot;:&quot;center&quot;},&quot;border&quot;:{&quot;radius&quot;:3},&quot;bgColor&quot;:{&quot;r&quot;:0,&quot;g&quot;:149,&quot;b&quot;:246,&quot;a&quot;:1},&quot;margin&quot;:{&quot;top&quot;:0,&quot;bottom&quot;:0,&quot;left&quot;:0,&quot;right&quot;:0}},&quot;loadMoreBtnText&quot;:&quot;Load more&quot;,&quot;loadMoreBtnScroll&quot;:true,&quot;autoload&quot;:false,&quot;showFollowBtn&quot;:{&quot;desktop&quot;:false,&quot;phone&quot;:false,&quot;tablet&quot;:false},&quot;followBtnText&quot;:&quot;Follow on Instagram&quot;,&quot;followBtnDesign&quot;:{&quot;text&quot;:{&quot;color&quot;:{&quot;r&quot;:255,&quot;g&quot;:255,&quot;b&quot;:255,&quot;a&quot;:1},&quot;align&quot;:&quot;center&quot;},&quot;border&quot;:{&quot;radius&quot;:3},&quot;bgColor&quot;:{&quot;r&quot;:0,&quot;g&quot;:149,&quot;b&quot;:246,&quot;a&quot;:1},&quot;margin&quot;:{&quot;top&quot;:0,&quot;bottom&quot;:0,&quot;left&quot;:0,&quot;right&quot;:0}},&quot;followBtnLocation&quot;:{&quot;desktop&quot;:&quot;header&quot;,&quot;phone&quot;:&quot;bottom&quot;},&quot;alignFooterButtons&quot;:{&quot;desktop&quot;:false},&quot;customCss&quot;:&quot;.MasonryLayout__cell, .FeedGridLayout__cell{\\naspect-ratio:3\\\/4;\\n}&quot;,&quot;accounts&quot;:[1538],&quot;tagged&quot;:[],&quot;hashtags&quot;:[],&quot;mediaType&quot;:&quot;all&quot;,&quot;hashtagWhitelist&quot;:[],&quot;hashtagBlacklist&quot;:[],&quot;captionWhitelist&quot;:[],&quot;captionBlacklist&quot;:[],&quot;hashtagWhitelistSettings&quot;:true,&quot;hashtagBlacklistSettings&quot;:true,&quot;captionWhitelistSettings&quot;:true,&quot;captionBlacklistSettings&quot;:true,&quot;moderation&quot;:[],&quot;moderationMode&quot;:&quot;blacklist&quot;,&quot;promosVersion&quot;:2,&quot;promosEnabled&quot;:true,&quot;globalPromosEnabled&quot;:true,&quot;autoPromosEnabled&quot;:true,&quot;promoOverrides&quot;:[],&quot;feedPromo&quot;:{&quot;linkSource&quot;:{&quot;type&quot;:null},&quot;linkBehavior&quot;:{&quot;openNewTab&quot;:false,&quot;showPopupBox&quot;:false},&quot;linkText&quot;:&quot;&quot;},&quot;gaCampaignSource&quot;:&quot;&quot;,&quot;gaCampaignMedium&quot;:&quot;&quot;,&quot;gaCampaignName&quot;:&quot;&quot;}' \/>\n        <input type=\"hidden\" id=\"sli__a__fe35cebe\" data-json='[{&quot;id&quot;:1538,&quot;type&quot;:&quot;PERSONAL&quot;,&quot;userId&quot;:&quot;25198673193150179&quot;,&quot;username&quot;:&quot;luzfernandez_realestate&quot;,&quot;bio&quot;:&quot;&quot;,&quot;customBio&quot;:&quot;&quot;,&quot;profilePicUrl&quot;:&quot;&quot;,&quot;customProfilePicUrl&quot;:&quot;&quot;,&quot;mediaCount&quot;:&quot;6&quot;,&quot;followersCount&quot;:&quot;0&quot;,&quot;usages&quot;:[],&quot;creationDate&quot;:&quot;2025-12-16 20:17:32&quot;}]' \/>\n        <input type=\"hidden\" id=\"sli__m__fe35cebe\" data-json='[]' \/>\n        <\/div><\/div>\n<\/div>\n<\/div>\n<\/div>","protected":false},"excerpt":{"rendered":"","protected":false},"author":1,"featured_media":0,"parent":0,"menu_order":0,"comment_status":"closed","ping_status":"closed","template":"","meta":{"_acf_changed":false,"inline_featured_image":false,"footnotes":""},"class_list":["post-1823","page","type-page","status-publish","hentry"],"acf":[],"_links":{"self":[{"href":"https:\/\/luzfernandez.com\/en\/wp-json\/wp\/v2\/pages\/1823","targetHints":{"allow":["GET"]}}],"collection":[{"href":"https:\/\/luzfernandez.com\/en\/wp-json\/wp\/v2\/pages"}],"about":[{"href":"https:\/\/luzfernandez.com\/en\/wp-json\/wp\/v2\/types\/page"}],"author":[{"embeddable":true,"href":"https:\/\/luzfernandez.com\/en\/wp-json\/wp\/v2\/users\/1"}],"replies":[{"embeddable":true,"href":"https:\/\/luzfernandez.com\/en\/wp-json\/wp\/v2\/comments?post=1823"}],"version-history":[{"count":0,"href":"https:\/\/luzfernandez.com\/en\/wp-json\/wp\/v2\/pages\/1823\/revisions"}],"wp:attachment":[{"href":"https:\/\/luzfernandez.com\/en\/wp-json\/wp\/v2\/media?parent=1823"}],"curies":[{"name":"wp","href":"https:\/\/api.w.org\/{rel}","templated":true}]}}